{"id":1706,"date":"2020-10-06T09:26:04","date_gmt":"2020-10-06T09:26:04","guid":{"rendered":"https:\/\/sensorik.bayern\/?page_id=1706"},"modified":"2023-01-09T20:28:16","modified_gmt":"2023-01-09T20:28:16","slug":"sievei-4-0","status":"publish","type":"page","link":"https:\/\/sensorik.bayern\/en\/sievei-4-0\/","title":{"rendered":"SiEVEI 4.0 | Secure and intelligent electronic systems for trustworthy electronic products in Industry 4.0"},"content":{"rendered":"<div data-elementor-type=\"wp-page\" data-elementor-id=\"1706\" class=\"elementor elementor-1706\">\n\t\t\t\t\t\t<section class=\"elementor-section elementor-top-section elementor-element elementor-element-3b28eef1 elementor-section-boxed elementor-section-height-default elementor-section-height-default\" data-id=\"3b28eef1\" data-element_type=\"section\" data-e-type=\"section\">\n\t\t\t\t\t\t<div class=\"elementor-container elementor-column-gap-default\">\n\t\t\t\t\t<div class=\"elementor-column elementor-col-100 elementor-top-column elementor-element elementor-element-10b16951\" data-id=\"10b16951\" data-element_type=\"column\" data-e-type=\"column\">\n\t\t\t<div class=\"elementor-widget-wrap elementor-element-populated\">\n\t\t\t\t\t\t<div class=\"elementor-element elementor-element-1170ba55 elementor-widget elementor-widget-text-editor\" data-id=\"1170ba55\" data-element_type=\"widget\" data-e-type=\"widget\" data-widget_type=\"text-editor.default\">\n\t\t\t\t<div class=\"elementor-widget-container\">\n\t\t\t\t\t\t\t\t\t\r\n<p>High-performance microelectronics in combination with sensor technology and embedded software collects and processes process data in industrial plants. The goal is to comprehensively digitize production processes and operations. Now, the latest electronics technologies together with artificial intelligence (AI) methods are to become usable for industrial applications. The project SiEvEI 4.0 creates this bridge from classic sensor technology to AI-based, safety-relevant and trustworthy electronic systems.\u00a0<br \/><br \/>You can find detailed information about the project <a href=\"https:\/\/www.sensorik-bayern.de\/fileadmin\/documents\/sensorik-magazin\/Sensorik-Magazin_111.pdf\" target=\"_blank\" rel=\"noopener\">here<\/a>.<\/p>\r\n\r\n<p><i>The project is funded by the BMBF's Microelectronics for Industry 4.0 (ElektroniK I4.0) program. The funding objective is research into electronic components and systems for the realization of intelligent, \ufb02exible and networked production (Industry 4.0). The project volume amounts to a good five million euros, of which over three million will be funded.<\/i><\/p>\r\n<p>&nbsp;<\/p>\r\n<p><strong>Project partners:\u00a0 <img decoding=\"async\" class=\"alignnone wp-image-2342\" src=\"https:\/\/sensorik.bayern\/wp-content\/uploads\/2021\/09\/Logo_Siemens-150x150.jpg\" alt=\"\" width=\"150\" height=\"24\" srcset=\"https:\/\/sensorik.bayern\/wp-content\/uploads\/2021\/09\/Logo_Siemens-300x49.jpg 300w, https:\/\/sensorik.bayern\/wp-content\/uploads\/2021\/09\/Logo_Siemens-845x137.jpg 845w, https:\/\/sensorik.bayern\/wp-content\/uploads\/2021\/09\/Logo_Siemens-768x124.jpg 768w, https:\/\/sensorik.bayern\/wp-content\/uploads\/2021\/09\/Logo_Siemens-18x3.jpg 18w, https:\/\/sensorik.bayern\/wp-content\/uploads\/2021\/09\/Logo_Siemens.jpg 1014w\" sizes=\"(max-width: 150px) 100vw, 150px\" \/> \u00a0\u00a0 <img decoding=\"async\" class=\"alignnone wp-image-2346\" src=\"https:\/\/sensorik.bayern\/wp-content\/uploads\/2021\/09\/Wibu-Systems-logo-150x150.jpg\" alt=\"\" width=\"100\" height=\"75\" srcset=\"https:\/\/sensorik.bayern\/wp-content\/uploads\/2021\/09\/Wibu-Systems-logo-300x225.jpg 300w, https:\/\/sensorik.bayern\/wp-content\/uploads\/2021\/09\/Wibu-Systems-logo-16x12.jpg 16w, https:\/\/sensorik.bayern\/wp-content\/uploads\/2021\/09\/Wibu-Systems-logo.jpg 400w\" sizes=\"(max-width: 100px) 100vw, 100px\" \/> \u00a0\u00a0 <img decoding=\"async\" class=\"alignnone wp-image-2347\" src=\"https:\/\/sensorik.bayern\/wp-content\/uploads\/2021\/09\/Logo_TU-Berlin-150x150.jpg\" alt=\"\" width=\"80\" height=\"60\" srcset=\"https:\/\/sensorik.bayern\/wp-content\/uploads\/2021\/09\/Logo_TU-Berlin-300x223.jpg 300w, https:\/\/sensorik.bayern\/wp-content\/uploads\/2021\/09\/Logo_TU-Berlin-16x12.jpg 16w, https:\/\/sensorik.bayern\/wp-content\/uploads\/2021\/09\/Logo_TU-Berlin.jpg 756w\" sizes=\"(max-width: 80px) 100vw, 80px\" \/> \u00a0 \u00a0\u00a0 <img loading=\"lazy\" decoding=\"async\" class=\"alignnone wp-image-2344\" src=\"https:\/\/sensorik.bayern\/wp-content\/uploads\/2021\/09\/Logo_Uni_Bielefeld-150x150.jpg\" alt=\"\" width=\"120\" height=\"32\" srcset=\"https:\/\/sensorik.bayern\/wp-content\/uploads\/2021\/09\/Logo_Uni_Bielefeld-300x80.jpg 300w, https:\/\/sensorik.bayern\/wp-content\/uploads\/2021\/09\/Logo_Uni_Bielefeld-845x225.jpg 845w, https:\/\/sensorik.bayern\/wp-content\/uploads\/2021\/09\/Logo_Uni_Bielefeld-768x205.jpg 768w, https:\/\/sensorik.bayern\/wp-content\/uploads\/2021\/09\/Logo_Uni_Bielefeld-18x5.jpg 18w, https:\/\/sensorik.bayern\/wp-content\/uploads\/2021\/09\/Logo_Uni_Bielefeld.jpg 1258w\" sizes=\"(max-width: 120px) 100vw, 120px\" \/> \u00a0 \u00a0\u00a0 <img loading=\"lazy\" decoding=\"async\" class=\"alignnone wp-image-2332\" src=\"https:\/\/sensorik.bayern\/wp-content\/uploads\/2021\/09\/FH_IZM_Logo_60mm_P334_pf-150x150.jpg\" alt=\"\" width=\"130\" height=\"35\" srcset=\"https:\/\/sensorik.bayern\/wp-content\/uploads\/2021\/09\/FH_IZM_Logo_60mm_P334_pf-300x82.jpg 300w, https:\/\/sensorik.bayern\/wp-content\/uploads\/2021\/09\/FH_IZM_Logo_60mm_P334_pf-845x230.jpg 845w, https:\/\/sensorik.bayern\/wp-content\/uploads\/2021\/09\/FH_IZM_Logo_60mm_P334_pf-768x209.jpg 768w, https:\/\/sensorik.bayern\/wp-content\/uploads\/2021\/09\/FH_IZM_Logo_60mm_P334_pf-1536x419.jpg 1536w, https:\/\/sensorik.bayern\/wp-content\/uploads\/2021\/09\/FH_IZM_Logo_60mm_P334_pf-2048x558.jpg 2048w, https:\/\/sensorik.bayern\/wp-content\/uploads\/2021\/09\/FH_IZM_Logo_60mm_P334_pf-18x5.jpg 18w\" sizes=\"(max-width: 130px) 100vw, 130px\" \/> \u00a0 \u00a0\u00a0 <img loading=\"lazy\" decoding=\"async\" class=\"alignnone wp-image-2349\" src=\"https:\/\/sensorik.bayern\/wp-content\/uploads\/2021\/09\/Wagenbrett-logo-1-150x150.jpg\" alt=\"\" width=\"150\" height=\"48\" srcset=\"https:\/\/sensorik.bayern\/wp-content\/uploads\/2021\/09\/Wagenbrett-logo-1-300x96.jpg 300w, https:\/\/sensorik.bayern\/wp-content\/uploads\/2021\/09\/Wagenbrett-logo-1-845x271.jpg 845w, https:\/\/sensorik.bayern\/wp-content\/uploads\/2021\/09\/Wagenbrett-logo-1-768x246.jpg 768w, https:\/\/sensorik.bayern\/wp-content\/uploads\/2021\/09\/Wagenbrett-logo-1-18x6.jpg 18w, https:\/\/sensorik.bayern\/wp-content\/uploads\/2021\/09\/Wagenbrett-logo-1.jpg 1499w\" sizes=\"(max-width: 150px) 100vw, 150px\" \/> \u00a0 \u00a0 <img loading=\"lazy\" decoding=\"async\" class=\"alignnone wp-image-2341\" src=\"https:\/\/sensorik.bayern\/wp-content\/uploads\/2021\/09\/atg_Logo-150x150.jpg\" alt=\"\" width=\"100\" height=\"97\" srcset=\"https:\/\/sensorik.bayern\/wp-content\/uploads\/2021\/09\/atg_Logo-300x290.jpg 300w, https:\/\/sensorik.bayern\/wp-content\/uploads\/2021\/09\/atg_Logo-12x12.jpg 12w, https:\/\/sensorik.bayern\/wp-content\/uploads\/2021\/09\/atg_Logo.jpg 670w\" sizes=\"(max-width: 100px) 100vw, 100px\" \/><br \/><\/strong><\/p>\r\n<!-- \/wp:paragraph -->\t\t\t\t\t\t\t\t<\/div>\n\t\t\t\t<\/div>\n\t\t\t\t\t<\/div>\n\t\t<\/div>\n\t\t\t\t\t<\/div>\n\t\t<\/section>\n\t\t\t\t<section class=\"elementor-section elementor-top-section elementor-element elementor-element-a2b40b4 elementor-section-boxed elementor-section-height-default elementor-section-height-default\" data-id=\"a2b40b4\" data-element_type=\"section\" data-e-type=\"section\">\n\t\t\t\t\t\t<div class=\"elementor-container elementor-column-gap-default\">\n\t\t\t\t\t<div class=\"elementor-column elementor-col-100 elementor-top-column elementor-element elementor-element-86b5388\" data-id=\"86b5388\" data-element_type=\"column\" data-e-type=\"column\">\n\t\t\t<div class=\"elementor-widget-wrap elementor-element-populated\">\n\t\t\t\t\t\t<div class=\"elementor-element elementor-element-fd48104 elementor-widget elementor-widget-text-editor\" data-id=\"fd48104\" data-element_type=\"widget\" data-e-type=\"widget\" data-widget_type=\"text-editor.default\">\n\t\t\t\t<div class=\"elementor-widget-container\">\n\t\t\t\t\t\t\t\t\t<img loading=\"lazy\" decoding=\"async\" class=\"rund alignnone wp-image-2687 size-thumbnail\" src=\"https:\/\/sensorik.bayern\/wp-content\/uploads\/2023\/01\/Stefan_Gottwald-e1673295947960-150x150.jpg\" alt=\"\" width=\"120\" height=\"120\" srcset=\"https:\/\/sensorik.bayern\/wp-content\/uploads\/2023\/01\/Stefan_Gottwald-e1673295947960-150x150.jpg 150w, https:\/\/sensorik.bayern\/wp-content\/uploads\/2023\/01\/Stefan_Gottwald-e1673295947960-300x300.jpg 300w, https:\/\/sensorik.bayern\/wp-content\/uploads\/2023\/01\/Stefan_Gottwald-e1673295947960-845x845.jpg 845w, https:\/\/sensorik.bayern\/wp-content\/uploads\/2023\/01\/Stefan_Gottwald-e1673295947960-768x768.jpg 768w, https:\/\/sensorik.bayern\/wp-content\/uploads\/2023\/01\/Stefan_Gottwald-e1673295947960-12x12.jpg 12w, https:\/\/sensorik.bayern\/wp-content\/uploads\/2023\/01\/Stefan_Gottwald-e1673295947960.jpg 945w\" sizes=\"(max-width: 120px) 100vw, 120px\" \/>\n<p><strong>Contact:<\/strong><br \/>Stefan Gottwald<br \/>(<a href=\"mailto:s.gottwald@sensorik-bayern.de\" target=\"_blank\" rel=\"noopener\">s.gottwald@sensorik-bayern.de<\/a>)<\/p>\t\t\t\t\t\t\t\t<\/div>\n\t\t\t\t<\/div>\n\t\t\t\t\t<\/div>\n\t\t<\/div>\n\t\t\t\t\t<\/div>\n\t\t<\/section>\n\t\t\t\t<\/div>","protected":false},"excerpt":{"rendered":"<p>Im Projekt \u201eSiEvEI 4.0\u201c erforschen wir aktuell in einem bundesweiten Konsortium elektronische Komponenten und Systeme zur Realisierung einer intelligenten, \ufb02exiblen und vernetzten Produktion. Ein Br\u00fcckenschlag von klassischer Sensorik zu KI-basierten, sicherheitsrelevanten und vertrauensw\u00fcrdigen Elektroniksystemen: Neueste Elektroniktechnologien machen wir zusammen mit Methoden der k\u00fcnstlichen Intelligenz (KI) f\u00fcr industrielle Anwendungen nutzbar. <b>Read more &#8230;<\/b><\/p>","protected":false},"author":7,"featured_media":2115,"parent":0,"menu_order":0,"comment_status":"closed","ping_status":"closed","template":"","meta":{"footnotes":"","_links_to":"","_links_to_target":""},"class_list":["post-1706","page","type-page","status-publish","has-post-thumbnail","hentry"],"jetpack_sharing_enabled":true,"_links":{"self":[{"href":"https:\/\/sensorik.bayern\/en\/wp-json\/wp\/v2\/pages\/1706","targetHints":{"allow":["GET"]}}],"collection":[{"href":"https:\/\/sensorik.bayern\/en\/wp-json\/wp\/v2\/pages"}],"about":[{"href":"https:\/\/sensorik.bayern\/en\/wp-json\/wp\/v2\/types\/page"}],"author":[{"embeddable":true,"href":"https:\/\/sensorik.bayern\/en\/wp-json\/wp\/v2\/users\/7"}],"replies":[{"embeddable":true,"href":"https:\/\/sensorik.bayern\/en\/wp-json\/wp\/v2\/comments?post=1706"}],"version-history":[{"count":23,"href":"https:\/\/sensorik.bayern\/en\/wp-json\/wp\/v2\/pages\/1706\/revisions"}],"predecessor-version":[{"id":2719,"href":"https:\/\/sensorik.bayern\/en\/wp-json\/wp\/v2\/pages\/1706\/revisions\/2719"}],"wp:featuredmedia":[{"embeddable":true,"href":"https:\/\/sensorik.bayern\/en\/wp-json\/wp\/v2\/media\/2115"}],"wp:attachment":[{"href":"https:\/\/sensorik.bayern\/en\/wp-json\/wp\/v2\/media?parent=1706"}],"curies":[{"name":"wp","href":"https:\/\/api.w.org\/{rel}","templated":true}]}}