{"id":1842,"date":"2020-12-03T19:34:42","date_gmt":"2020-12-03T19:34:42","guid":{"rendered":"https:\/\/sensorik.bayern\/?page_id=1842"},"modified":"2022-05-09T14:22:02","modified_gmt":"2022-05-09T14:22:02","slug":"iiot-entwicklungsplattform-sensorbeacon-systems-sbs","status":"publish","type":"page","link":"https:\/\/sensorik.bayern\/en\/iiot-entwicklungsplattform-sensorbeacon-systems-sbs\/","title":{"rendered":"IIoT-Entwicklungsplattform SensorBeacon-Systems (SBS)"},"content":{"rendered":"<p>Mit Hilfe der Einbetttechnik wird im BMBF-gef\u00f6rderten Projekt <strong>PCB 4.0 &#8211; Hochminiaturisiert und energieautark &#8211; Funksensorknoten f\u00fcr die Industrie der Zukunft<\/strong> ein bisher noch nicht erreichter Miniaturisierungsgrad von Funksensorik f\u00fcr Industrie 4.0-Anwendungen erreicht. Durch eine intelligente Steuerung und Vernetzung werden Flexibilit\u00e4t, Energie- und Ressourceneffizienz von Produktionsprozessen auf eine neue Stufe gehoben. Sieben Partner b\u00fcndeln ihre Kompetenz und stellen sich in diesem Kooperationsprojekt zusammen einer derzeit noch gro\u00dfen technologischen Herausforderung.<\/p>\n<p>Es liegen Prototypen der Funksensoren vor, die mit einer energieeffizienten Firmware betrieben werden. Der Ruhestrom liegt z.B. bei ca. 1,5 \u00b5A und die Sensorknoten k\u00f6nnen je nach Betriebsmodus bis zu f\u00fcnf Jahre mit einer Knopfzelle betrieben werden. Die Funksensorknoten werden \u00fcber Gateways, basierend auf Raspberry Pi und mit eigener Software betrieben, an eine im Rahmen des Projektes entwickelte Cloudl\u00f6sung angebunden. Somit ist es m\u00f6glich, via Webservices und Webapplikationen die Daten plattformunabh\u00e4ngig im Browser zu nutzen.<\/p>\n<p>Further information can be found in the <a href=\"https:\/\/www.sensorik-bayern.de\/fileadmin\/documents\/sensorik-bayern_gmbh\/Sensorik-Bayern_GmbH_SensorBeacons_FactSheet.pdf\">Factsheet<\/a>.<\/p>","protected":false},"excerpt":{"rendered":"<p>Ihr Schritt zu Industrie 4.0: Realisieren Sie vorausschauende Wartung und Zustands\u00fcberwachung auch in Ihrem Unternehmen mit dem SensorBeacon-System. Retrofit: Nachr\u00fcsten statt Neuanschaffung \u2013 das SBS l\u00e4sst sich auch in bestehende Anlagen unkompliziert integrieren. Die Key-Facts des SBS: Datenerfassung mittels miniaturisierter, batteriebetriebener Ultra-Low-Power-Funk-SensorBeacons (Lebensdauer von f\u00fcnf und mehr Jahren), Datenverarbeitung und Weiterleitung durch Gateways zur Ablage der Daten in einer Sensor-Cloud sowie die Weiterverarbeitung mittels anwendungs- und kundenspezifischer Apps in der Cloud. Wir unterst\u00fctzen Sie bei der Anpassung der Plattform an Ihren spezifischen Bedarf.<\/p>","protected":false},"author":7,"featured_media":1628,"parent":0,"menu_order":0,"comment_status":"closed","ping_status":"closed","template":"","meta":{"footnotes":"","_links_to":"","_links_to_target":""},"class_list":["post-1842","page","type-page","status-publish","has-post-thumbnail","hentry"],"jetpack_sharing_enabled":true,"_links":{"self":[{"href":"https:\/\/sensorik.bayern\/en\/wp-json\/wp\/v2\/pages\/1842","targetHints":{"allow":["GET"]}}],"collection":[{"href":"https:\/\/sensorik.bayern\/en\/wp-json\/wp\/v2\/pages"}],"about":[{"href":"https:\/\/sensorik.bayern\/en\/wp-json\/wp\/v2\/types\/page"}],"author":[{"embeddable":true,"href":"https:\/\/sensorik.bayern\/en\/wp-json\/wp\/v2\/users\/7"}],"replies":[{"embeddable":true,"href":"https:\/\/sensorik.bayern\/en\/wp-json\/wp\/v2\/comments?post=1842"}],"version-history":[{"count":5,"href":"https:\/\/sensorik.bayern\/en\/wp-json\/wp\/v2\/pages\/1842\/revisions"}],"predecessor-version":[{"id":2419,"href":"https:\/\/sensorik.bayern\/en\/wp-json\/wp\/v2\/pages\/1842\/revisions\/2419"}],"wp:featuredmedia":[{"embeddable":true,"href":"https:\/\/sensorik.bayern\/en\/wp-json\/wp\/v2\/media\/1628"}],"wp:attachment":[{"href":"https:\/\/sensorik.bayern\/en\/wp-json\/wp\/v2\/media?parent=1842"}],"curies":[{"name":"wp","href":"https:\/\/api.w.org\/{rel}","templated":true}]}}