{"id":1846,"date":"2020-12-03T19:48:37","date_gmt":"2020-12-03T19:48:37","guid":{"rendered":"https:\/\/sensorik.bayern\/?page_id=1846"},"modified":"2023-02-17T11:11:02","modified_gmt":"2023-02-17T11:11:02","slug":"basil","status":"publish","type":"page","link":"https:\/\/sensorik.bayern\/en\/basil\/","title":{"rendered":"BASIL | Brainwave driven digital Assistance System for motor-Impaired peopLe"},"content":{"rendered":"<p>for the project <strong>BASIL &#8211; Brainwave driven digital Assistance System for motor-Impaired peopLe <\/strong>experts from different industries and countries worked together. Research, economy and local regions benefit from this. Sensorik-Bayern GmbH and IT experts from the University of West Bohemia in Pilsen developed an assistance system for motor-impaired people under the joint umbrella of the sensor network. Users' wishes are \"translated\" into the language of devices and systems in their own homes via the recording of brain activity and sent to a control device, which then enables simple operating procedures in the area of home automation (e.g., switching TV and radio sets on and off or raising blinds). Also conceivable: Emergency call to relatives or care services.<\/p>\n<p>Other possible applications of the project results include the diagnosis of early-stage Alzheimer's disease, brain training therapy for ADHD, and neurofeedback. The automotive industry and the field of driver assistance systems are further fields of application. The BASIL prototype can be used for research on the detection of microsleep or fatigue. Further information can be found in the <a href=\"https:\/\/www.sensorik-bayern.de\/fileadmin\/documents\/sensorik-bayern_gmbh\/%C3%9Cbersicht_Basil.pdf\" target=\"_blank\" rel=\"noopener noreferrer\">Factsheet<\/a>.<\/p>\n<p>Sie haben Interesse an einer Anwendung oder Spezifizierung f\u00fcr Ihren eigen Einsatzbereich? Melden Sie sich gerne bei uns (sbg@sensorik-bayern.de).<\/p>\n<p><strong>Project partners: \u00a0\u00a0 <img decoding=\"async\" class=\"alignnone wp-image-2330\" src=\"https:\/\/sensorik.bayern\/wp-content\/uploads\/2021\/09\/Logo_Uni-Pilsen-150x150.jpg\" alt=\"\" width=\"160\" height=\"102\" srcset=\"https:\/\/sensorik.bayern\/wp-content\/uploads\/2021\/09\/Logo_Uni-Pilsen-300x191.jpg 300w, https:\/\/sensorik.bayern\/wp-content\/uploads\/2021\/09\/Logo_Uni-Pilsen-18x12.jpg 18w, https:\/\/sensorik.bayern\/wp-content\/uploads\/2021\/09\/Logo_Uni-Pilsen.jpg 629w\" sizes=\"(max-width: 160px) 100vw, 160px\" \/><\/strong><\/p>\n<p><img decoding=\"async\" class=\"rund alignnone wp-image-2687 size-thumbnail\" src=\"https:\/\/sensorik.bayern\/wp-content\/uploads\/2023\/01\/Stefan_Gottwald-e1673295947960-150x150.jpg\" alt=\"\" width=\"120\" height=\"120\" srcset=\"https:\/\/sensorik.bayern\/wp-content\/uploads\/2023\/01\/Stefan_Gottwald-e1673295947960-150x150.jpg 150w, https:\/\/sensorik.bayern\/wp-content\/uploads\/2023\/01\/Stefan_Gottwald-e1673295947960-300x300.jpg 300w, https:\/\/sensorik.bayern\/wp-content\/uploads\/2023\/01\/Stefan_Gottwald-e1673295947960-845x845.jpg 845w, https:\/\/sensorik.bayern\/wp-content\/uploads\/2023\/01\/Stefan_Gottwald-e1673295947960-768x768.jpg 768w, https:\/\/sensorik.bayern\/wp-content\/uploads\/2023\/01\/Stefan_Gottwald-e1673295947960-12x12.jpg 12w, https:\/\/sensorik.bayern\/wp-content\/uploads\/2023\/01\/Stefan_Gottwald-e1673295947960.jpg 945w\" sizes=\"(max-width: 120px) 100vw, 120px\" \/><br \/>\n<strong>Contact:<\/strong><br \/>\nStefan Gottwald<br \/>\n(<a href=\"mailto:s.gottwald@sensorik-bayern.de\">s.gottwald@sensorik-bayern.de<\/a>)<\/p>","protected":false},"excerpt":{"rendered":"<p>Mit IT-Experten der Westb\u00f6hmischen Universit\u00e4t haben wir ein Assistenzsystem f\u00fcr motorisch eingeschr\u00e4nkte Menschen entwickelt. W\u00fcnsche der Nutzer werden \u00fcber die Erfassung der Gehirnaktivit\u00e4ten in die Sprache von Ger\u00e4ten und Anlagen im Eigenheim \u00fcbersetzt und an ein Steuerger\u00e4t gesendet. Einfache Bedienvorg\u00e4nge im Bereich der Hausautomatisierung, wie das An- und Ausschalten von TV- und Radioger\u00e4ten oder das Hochfahren von Jalousien, lassen sich so ausl\u00f6sen. Der Bereich Automotive z\u00e4hlt neben der Medizintechnik zu den weiteren Anwendungsfeldern dieses Assistenzsystems. <b>Read more &#8230;<\/b><\/p>","protected":false},"author":7,"featured_media":1630,"parent":0,"menu_order":0,"comment_status":"closed","ping_status":"closed","template":"","meta":{"footnotes":"","_links_to":"","_links_to_target":""},"class_list":["post-1846","page","type-page","status-publish","has-post-thumbnail","hentry"],"jetpack_sharing_enabled":true,"_links":{"self":[{"href":"https:\/\/sensorik.bayern\/en\/wp-json\/wp\/v2\/pages\/1846","targetHints":{"allow":["GET"]}}],"collection":[{"href":"https:\/\/sensorik.bayern\/en\/wp-json\/wp\/v2\/pages"}],"about":[{"href":"https:\/\/sensorik.bayern\/en\/wp-json\/wp\/v2\/types\/page"}],"author":[{"embeddable":true,"href":"https:\/\/sensorik.bayern\/en\/wp-json\/wp\/v2\/users\/7"}],"replies":[{"embeddable":true,"href":"https:\/\/sensorik.bayern\/en\/wp-json\/wp\/v2\/comments?post=1846"}],"version-history":[{"count":16,"href":"https:\/\/sensorik.bayern\/en\/wp-json\/wp\/v2\/pages\/1846\/revisions"}],"predecessor-version":[{"id":2840,"href":"https:\/\/sensorik.bayern\/en\/wp-json\/wp\/v2\/pages\/1846\/revisions\/2840"}],"wp:featuredmedia":[{"embeddable":true,"href":"https:\/\/sensorik.bayern\/en\/wp-json\/wp\/v2\/media\/1630"}],"wp:attachment":[{"href":"https:\/\/sensorik.bayern\/en\/wp-json\/wp\/v2\/media?parent=1846"}],"curies":[{"name":"wp","href":"https:\/\/api.w.org\/{rel}","templated":true}]}}