{"id":2426,"date":"2022-08-17T18:46:12","date_gmt":"2022-08-17T18:46:12","guid":{"rendered":"https:\/\/sensorik.bayern\/?page_id=2426"},"modified":"2026-01-22T18:27:44","modified_gmt":"2026-01-22T18:27:44","slug":"adapedge","status":"publish","type":"page","link":"https:\/\/sensorik.bayern\/en\/adapedge\/","title":{"rendered":"AdaPEdge | Edge computing modules for resilient electronics manufacturing with adaptive process optimization"},"content":{"rendered":"<p>Collecting environmental and production data such as temperature, operating noise from systems and machines, air humidity or quality locally, processing and evaluating it using artificial intelligence (AI), and optimizing production by comparing it with quality and productivity parameters - that doesn't sound new, more like implementing industry 4.0. But using this approach to track process and product quality in manufacturing operations at different companies doesn't exist yet. However, it would be a game changer: component suppliers, technology providers, system integrators, even end users would receive additional information and transparency. The AdaPEdge project ventures the step from \"manufacturing 4.0\" to \"manufacturing 4.0++\" and promises more resilience and productivity.<\/p>\n<p>Inferior or counterfeit materials are to be detectable, disruptions in the course of the entire value chain are to be transparent, and the production process is to be continuously adapted. The open architecture RISC-V is also used, which not only enables use in all areas of industry, but also brings high economic potential for Germany. Sensorik-Bayern GmbH is developing a sensor mesh for this purpose. The Secure Smart Sub-Edge Modules (S\u00b3EM) collect and condense AI-based freely available data and provide information on the status of the entire production line.<\/p>\n<p><a href=\"https:\/\/sensorik.bayern\/wp-content\/uploads\/2026\/01\/AdaPegde_Poster_Abschlusstagung.pdf\">Technische Details zu AdaPegde<\/a><\/p>\n<p>&nbsp;<\/p>\n<p><strong>Project partners:\u00a0 \u00a0 <img decoding=\"async\" class=\"alignnone wp-image-2342\" src=\"https:\/\/sensorik.bayern\/wp-content\/uploads\/2021\/09\/Logo_Siemens-150x150.jpg\" alt=\"\" width=\"150\" height=\"24\" srcset=\"https:\/\/sensorik.bayern\/wp-content\/uploads\/2021\/09\/Logo_Siemens-300x49.jpg 300w, https:\/\/sensorik.bayern\/wp-content\/uploads\/2021\/09\/Logo_Siemens-845x137.jpg 845w, https:\/\/sensorik.bayern\/wp-content\/uploads\/2021\/09\/Logo_Siemens-768x124.jpg 768w, https:\/\/sensorik.bayern\/wp-content\/uploads\/2021\/09\/Logo_Siemens-18x3.jpg 18w, https:\/\/sensorik.bayern\/wp-content\/uploads\/2021\/09\/Logo_Siemens.jpg 1014w\" sizes=\"(max-width: 150px) 100vw, 150px\" \/> \u00a0 <img decoding=\"async\" class=\"alignnone wp-image-1578\" src=\"https:\/\/sensorik.bayern\/wp-content\/uploads\/2019\/02\/cropped-Logo-Sensorik-Bayern-GmbH_sehr-gross-5-150x150.jpg\" alt=\"\" width=\"180\" height=\"46\" srcset=\"https:\/\/sensorik.bayern\/wp-content\/uploads\/2019\/02\/cropped-Logo-Sensorik-Bayern-GmbH_sehr-gross-5-300x77.jpg 300w, https:\/\/sensorik.bayern\/wp-content\/uploads\/2019\/02\/cropped-Logo-Sensorik-Bayern-GmbH_sehr-gross-5-845x217.jpg 845w, https:\/\/sensorik.bayern\/wp-content\/uploads\/2019\/02\/cropped-Logo-Sensorik-Bayern-GmbH_sehr-gross-5-768x197.jpg 768w, https:\/\/sensorik.bayern\/wp-content\/uploads\/2019\/02\/cropped-Logo-Sensorik-Bayern-GmbH_sehr-gross-5-1536x395.jpg 1536w, https:\/\/sensorik.bayern\/wp-content\/uploads\/2019\/02\/cropped-Logo-Sensorik-Bayern-GmbH_sehr-gross-5-2048x526.jpg 2048w\" sizes=\"(max-width: 180px) 100vw, 180px\" \/>\u00a0 \u00a0 <img decoding=\"async\" class=\"alignnone wp-image-2344\" src=\"https:\/\/sensorik.bayern\/wp-content\/uploads\/2021\/09\/Logo_Uni_Bielefeld-150x150.jpg\" alt=\"\" width=\"160\" height=\"43\" srcset=\"https:\/\/sensorik.bayern\/wp-content\/uploads\/2021\/09\/Logo_Uni_Bielefeld-300x80.jpg 300w, https:\/\/sensorik.bayern\/wp-content\/uploads\/2021\/09\/Logo_Uni_Bielefeld-845x225.jpg 845w, https:\/\/sensorik.bayern\/wp-content\/uploads\/2021\/09\/Logo_Uni_Bielefeld-768x205.jpg 768w, https:\/\/sensorik.bayern\/wp-content\/uploads\/2021\/09\/Logo_Uni_Bielefeld-18x5.jpg 18w, https:\/\/sensorik.bayern\/wp-content\/uploads\/2021\/09\/Logo_Uni_Bielefeld.jpg 1258w\" sizes=\"(max-width: 160px) 100vw, 160px\" \/>\u00a0 \u00a0 \u00a0<img loading=\"lazy\" decoding=\"async\" class=\"alignnone wp-image-2347\" src=\"https:\/\/sensorik.bayern\/wp-content\/uploads\/2021\/09\/Logo_TU-Berlin-150x150.jpg\" alt=\"\" width=\"100\" height=\"74\" srcset=\"https:\/\/sensorik.bayern\/wp-content\/uploads\/2021\/09\/Logo_TU-Berlin-300x223.jpg 300w, https:\/\/sensorik.bayern\/wp-content\/uploads\/2021\/09\/Logo_TU-Berlin-16x12.jpg 16w, https:\/\/sensorik.bayern\/wp-content\/uploads\/2021\/09\/Logo_TU-Berlin.jpg 756w\" sizes=\"(max-width: 100px) 100vw, 100px\" \/>\u00a0 \u00a0 \u00a0<img loading=\"lazy\" decoding=\"async\" class=\"alignnone wp-image-2332\" src=\"https:\/\/sensorik.bayern\/wp-content\/uploads\/2021\/09\/FH_IZM_Logo_60mm_P334_pf-150x150.jpg\" alt=\"\" width=\"150\" height=\"41\" srcset=\"https:\/\/sensorik.bayern\/wp-content\/uploads\/2021\/09\/FH_IZM_Logo_60mm_P334_pf-300x82.jpg 300w, https:\/\/sensorik.bayern\/wp-content\/uploads\/2021\/09\/FH_IZM_Logo_60mm_P334_pf-845x230.jpg 845w, https:\/\/sensorik.bayern\/wp-content\/uploads\/2021\/09\/FH_IZM_Logo_60mm_P334_pf-768x209.jpg 768w, https:\/\/sensorik.bayern\/wp-content\/uploads\/2021\/09\/FH_IZM_Logo_60mm_P334_pf-1536x419.jpg 1536w, https:\/\/sensorik.bayern\/wp-content\/uploads\/2021\/09\/FH_IZM_Logo_60mm_P334_pf-2048x558.jpg 2048w, https:\/\/sensorik.bayern\/wp-content\/uploads\/2021\/09\/FH_IZM_Logo_60mm_P334_pf-18x5.jpg 18w\" sizes=\"(max-width: 150px) 100vw, 150px\" \/>\u00a0 \u00a0 <img loading=\"lazy\" decoding=\"async\" class=\"alignnone wp-image-2440\" src=\"https:\/\/sensorik.bayern\/wp-content\/uploads\/2022\/08\/creonic_logo-150x150.png\" alt=\"\" width=\"200\" height=\"39\" srcset=\"https:\/\/sensorik.bayern\/wp-content\/uploads\/2022\/08\/creonic_logo-300x58.png 300w, https:\/\/sensorik.bayern\/wp-content\/uploads\/2022\/08\/creonic_logo-845x164.png 845w, https:\/\/sensorik.bayern\/wp-content\/uploads\/2022\/08\/creonic_logo-768x149.png 768w, https:\/\/sensorik.bayern\/wp-content\/uploads\/2022\/08\/creonic_logo-1536x297.png 1536w, https:\/\/sensorik.bayern\/wp-content\/uploads\/2022\/08\/creonic_logo-2048x397.png 2048w, https:\/\/sensorik.bayern\/wp-content\/uploads\/2022\/08\/creonic_logo-18x3.png 18w\" sizes=\"(max-width: 200px) 100vw, 200px\" \/>\u00a0 \u00a0 \u00a0<img loading=\"lazy\" decoding=\"async\" class=\"alignnone wp-image-2439\" src=\"https:\/\/sensorik.bayern\/wp-content\/uploads\/2022\/08\/MSE_rgb_150dpi_0-150x150.png\" alt=\"\" width=\"180\" height=\"80\" srcset=\"https:\/\/sensorik.bayern\/wp-content\/uploads\/2022\/08\/MSE_rgb_150dpi_0-300x133.png 300w, https:\/\/sensorik.bayern\/wp-content\/uploads\/2022\/08\/MSE_rgb_150dpi_0-18x8.png 18w, https:\/\/sensorik.bayern\/wp-content\/uploads\/2022\/08\/MSE_rgb_150dpi_0.png 450w\" sizes=\"(max-width: 180px) 100vw, 180px\" \/>\u00a0 \u00a0 (assoziiert:)\u00a0 \u00a0<img loading=\"lazy\" decoding=\"async\" class=\"alignnone wp-image-2442\" src=\"https:\/\/sensorik.bayern\/wp-content\/uploads\/2022\/08\/Miele_Logo_M_Red_sRGB-150x150.png\" alt=\"\" width=\"150\" height=\"84\" srcset=\"https:\/\/sensorik.bayern\/wp-content\/uploads\/2022\/08\/Miele_Logo_M_Red_sRGB-300x169.png 300w, https:\/\/sensorik.bayern\/wp-content\/uploads\/2022\/08\/Miele_Logo_M_Red_sRGB-18x10.png 18w, https:\/\/sensorik.bayern\/wp-content\/uploads\/2022\/08\/Miele_Logo_M_Red_sRGB.png 673w\" sizes=\"(max-width: 150px) 100vw, 150px\" \/><\/strong><\/p>\n<p>Projektlaufzeit: 01.07.2022 \u2013 31.12.2025<\/p>\n<p><img loading=\"lazy\" decoding=\"async\" class=\"alignnone wp-image-2459\" src=\"https:\/\/sensorik.bayern\/wp-content\/uploads\/2022\/08\/bmbf-logo-new.jpeg\" alt=\"\" width=\"222\" height=\"196\" srcset=\"https:\/\/sensorik.bayern\/wp-content\/uploads\/2022\/08\/bmbf-logo-new.jpeg 2539w, https:\/\/sensorik.bayern\/wp-content\/uploads\/2022\/08\/bmbf-logo-new-300x265.jpeg 300w, https:\/\/sensorik.bayern\/wp-content\/uploads\/2022\/08\/bmbf-logo-new-845x747.jpeg 845w, https:\/\/sensorik.bayern\/wp-content\/uploads\/2022\/08\/bmbf-logo-new-768x679.jpeg 768w, https:\/\/sensorik.bayern\/wp-content\/uploads\/2022\/08\/bmbf-logo-new-1536x1358.jpeg 1536w, https:\/\/sensorik.bayern\/wp-content\/uploads\/2022\/08\/bmbf-logo-new-2048x1810.jpeg 2048w, https:\/\/sensorik.bayern\/wp-content\/uploads\/2022\/08\/bmbf-logo-new-14x12.jpeg 14w\" sizes=\"(max-width: 222px) 100vw, 222px\" \/><\/p>\n<p><img loading=\"lazy\" decoding=\"async\" class=\"rund\" src=\"https:\/\/sensorik.bayern\/wp-content\/uploads\/2023\/01\/AndreasHofmeister2014-e1673294489449-300x300.jpg\" alt=\"\" width=\"120\" height=\"120\" \/><br \/>\n<strong>Contact:<\/strong><br \/>\nAndreas Hofmeister<br \/>\n(<a href=\"mailto:a.hofmeister@sensorik-bayern.de\">a.hofmeister@sensorik-bayern.de<\/a>)<\/p>","protected":false},"excerpt":{"rendered":"<p>Im Projekt AdaPEdge wird die Optimierung der Fertigung von Produkten im Industrie 4.0-Umfeld angestrebt. Das \u00fcbergeordnete Ziel im Projekt ist die adaptive Prozessoptimierung in komplexen, auch r\u00e4umlich verteilten Fertigungsumgebungen durch die Nutzung und Bewertung von frei verf\u00fcgbaren Informationen\/Daten. F\u00fcr unterschiedliche Szenarien k\u00f6nnen diese Daten genutzt werden, um die Fertigungsproduktivit\u00e4t und -qualit\u00e4t zu einem angestrebten Zielwert zu optimieren. <b>Read more &#8230;<\/b><\/p>","protected":false},"author":7,"featured_media":2460,"parent":0,"menu_order":0,"comment_status":"closed","ping_status":"closed","template":"","meta":{"footnotes":"","_links_to":"","_links_to_target":""},"class_list":["post-2426","page","type-page","status-publish","has-post-thumbnail","hentry"],"jetpack_sharing_enabled":true,"_links":{"self":[{"href":"https:\/\/sensorik.bayern\/en\/wp-json\/wp\/v2\/pages\/2426","targetHints":{"allow":["GET"]}}],"collection":[{"href":"https:\/\/sensorik.bayern\/en\/wp-json\/wp\/v2\/pages"}],"about":[{"href":"https:\/\/sensorik.bayern\/en\/wp-json\/wp\/v2\/types\/page"}],"author":[{"embeddable":true,"href":"https:\/\/sensorik.bayern\/en\/wp-json\/wp\/v2\/users\/7"}],"replies":[{"embeddable":true,"href":"https:\/\/sensorik.bayern\/en\/wp-json\/wp\/v2\/comments?post=2426"}],"version-history":[{"count":37,"href":"https:\/\/sensorik.bayern\/en\/wp-json\/wp\/v2\/pages\/2426\/revisions"}],"predecessor-version":[{"id":3087,"href":"https:\/\/sensorik.bayern\/en\/wp-json\/wp\/v2\/pages\/2426\/revisions\/3087"}],"wp:featuredmedia":[{"embeddable":true,"href":"https:\/\/sensorik.bayern\/en\/wp-json\/wp\/v2\/media\/2460"}],"wp:attachment":[{"href":"https:\/\/sensorik.bayern\/en\/wp-json\/wp\/v2\/media?parent=2426"}],"curies":[{"name":"wp","href":"https:\/\/api.w.org\/{rel}","templated":true}]}}