{"id":2874,"date":"2023-03-11T09:56:34","date_gmt":"2023-03-11T09:56:34","guid":{"rendered":"https:\/\/sensorik.bayern\/?page_id=2874"},"modified":"2023-09-22T06:47:57","modified_gmt":"2023-09-22T06:47:57","slug":"3dhandsens","status":"publish","type":"page","link":"https:\/\/sensorik.bayern\/en\/3dhandsens\/","title":{"rendered":"3DHandSens | Development of a novel, patient-specific sensory exoskeleton for digitizing the measurement of hand mobility"},"content":{"rendered":"<p>Hand injuries account for more than one third of occupational accidents in Germany. A psychological burden for patients due to the aesthetic and functional impairment as well as considerable costs for the health care system are long-term consequences. Rapid restoration of hand functionality is therefore of personal and social importance.<\/p>\n<p>Sensorik-Bayern GmbH is now driving research and development in this area by participating in the 3DHandSens project with TU Dresden and Fraunhofer IWS. The project is funded by the EKFZ Foundation. A 3D-printed exoskeleton specifically adapted to the patient with integrated, miniaturized sensor technology is to enable precise measurement of the alignment of finger joints.<\/p>\n<p>More details at <a href=\"https:\/\/digitalhealth.tu-dresden.de\/projects\/innovation-projects\/3dhandsens\" target=\"_blank\" rel=\"noopener\">https:\/\/digitalhealth.tu-dresden.de\/projects\/innovation-projects\/3dhandsens<\/a>.<\/p>\n<p>&nbsp;<\/p>\n<p><strong>Project partners: \u00a0<img decoding=\"async\" class=\"alignnone wp-image-2884 size-medium\" src=\"https:\/\/sensorik.bayern\/wp-content\/uploads\/2023\/03\/Fraunhofer-IWS-1-300x95.png\" alt=\"\" width=\"200\" height=\"auto\" srcset=\"https:\/\/sensorik.bayern\/wp-content\/uploads\/2023\/03\/Fraunhofer-IWS-1-300x95.png 300w, https:\/\/sensorik.bayern\/wp-content\/uploads\/2023\/03\/Fraunhofer-IWS-1-18x6.png 18w, https:\/\/sensorik.bayern\/wp-content\/uploads\/2023\/03\/Fraunhofer-IWS-1.png 500w\" sizes=\"(max-width: 300px) 100vw, 300px\" \/>\u00a0 \u00a0 <img decoding=\"async\" class=\"alignnone wp-image-2885 size-medium\" src=\"https:\/\/sensorik.bayern\/wp-content\/uploads\/2023\/03\/Logo_TU_Dresden.svg_-300x87.png\" alt=\"\" width=\"200\" height=\"auto\" srcset=\"https:\/\/sensorik.bayern\/wp-content\/uploads\/2023\/03\/Logo_TU_Dresden.svg_-300x87.png 300w, https:\/\/sensorik.bayern\/wp-content\/uploads\/2023\/03\/Logo_TU_Dresden.svg_-845x245.png 845w, https:\/\/sensorik.bayern\/wp-content\/uploads\/2023\/03\/Logo_TU_Dresden.svg_-768x223.png 768w, https:\/\/sensorik.bayern\/wp-content\/uploads\/2023\/03\/Logo_TU_Dresden.svg_-1536x446.png 1536w, https:\/\/sensorik.bayern\/wp-content\/uploads\/2023\/03\/Logo_TU_Dresden.svg_-2048x594.png 2048w, https:\/\/sensorik.bayern\/wp-content\/uploads\/2023\/03\/Logo_TU_Dresden.svg_-18x5.png 18w\" sizes=\"(max-width: 300px) 100vw, 300px\" \/><\/strong><\/p>\n<p><strong>Gef\u00f6rdert durch: <img decoding=\"async\" class=\"alignnone wp-image-2883 size-full\" src=\"https:\/\/sensorik.bayern\/wp-content\/uploads\/2023\/03\/ekfz.png\" alt=\"\" width=\"150\" height=\"auto\" srcset=\"https:\/\/sensorik.bayern\/wp-content\/uploads\/2023\/03\/ekfz.png 239w, https:\/\/sensorik.bayern\/wp-content\/uploads\/2023\/03\/ekfz-14x12.png 14w\" sizes=\"(max-width: 239px) 100vw, 239px\" \/><\/strong><\/p>\n<p>&nbsp;<\/p>\n<p><img decoding=\"async\" class=\"rund\" src=\"https:\/\/sensorik.bayern\/wp-content\/uploads\/2023\/01\/AndreasHofmeister2014-e1673294489449-300x300.jpg\" alt=\"\" width=\"120\" height=\"120\" \/><br \/>\n<strong>Contact:<\/strong><br \/>\nAndreas Hofmeister<br \/>\n(<a href=\"mailto:a.hofmeister@sensorik-bayern.de\">a.hofmeister@sensorik-bayern.de<\/a>)<\/p>","protected":false},"excerpt":{"rendered":"<p>Handverletzungen machen in Deutschland mehr als ein Drittel der Arbeitsunf\u00e4lle aus. Eine psychische Belastung f\u00fcr Patienten durch die \u00e4sthetische und funktionelle Beeintr\u00e4chtigung sowie erhebliche Kosten f\u00fcr das Gesundheitswesen sind langfristige &#8230;<\/p>","protected":false},"author":7,"featured_media":2903,"parent":0,"menu_order":0,"comment_status":"closed","ping_status":"closed","template":"","meta":{"footnotes":"","_links_to":"","_links_to_target":""},"class_list":["post-2874","page","type-page","status-publish","has-post-thumbnail","hentry"],"jetpack_sharing_enabled":true,"_links":{"self":[{"href":"https:\/\/sensorik.bayern\/en\/wp-json\/wp\/v2\/pages\/2874","targetHints":{"allow":["GET"]}}],"collection":[{"href":"https:\/\/sensorik.bayern\/en\/wp-json\/wp\/v2\/pages"}],"about":[{"href":"https:\/\/sensorik.bayern\/en\/wp-json\/wp\/v2\/types\/page"}],"author":[{"embeddable":true,"href":"https:\/\/sensorik.bayern\/en\/wp-json\/wp\/v2\/users\/7"}],"replies":[{"embeddable":true,"href":"https:\/\/sensorik.bayern\/en\/wp-json\/wp\/v2\/comments?post=2874"}],"version-history":[{"count":9,"href":"https:\/\/sensorik.bayern\/en\/wp-json\/wp\/v2\/pages\/2874\/revisions"}],"predecessor-version":[{"id":3007,"href":"https:\/\/sensorik.bayern\/en\/wp-json\/wp\/v2\/pages\/2874\/revisions\/3007"}],"wp:featuredmedia":[{"embeddable":true,"href":"https:\/\/sensorik.bayern\/en\/wp-json\/wp\/v2\/media\/2903"}],"wp:attachment":[{"href":"https:\/\/sensorik.bayern\/en\/wp-json\/wp\/v2\/media?parent=2874"}],"curies":[{"name":"wp","href":"https:\/\/api.w.org\/{rel}","templated":true}]}}