{"id":4,"date":"2016-02-12T07:54:41","date_gmt":"2016-02-12T07:54:41","guid":{"rendered":"http:\/\/demos.famethemes.com\/onepress\/?page_id=4"},"modified":"2020-12-01T20:33:31","modified_gmt":"2020-12-01T20:33:31","slug":"home","status":"publish","type":"page","link":"https:\/\/sensorik.bayern\/en\/","title":{"rendered":"Home"},"content":{"rendered":"<div class=\"projektgallerie\">\n<div class=\"row\">                            \n<div class=\"feature-item col-lg-3 col-sm-6 wow slideInUp\">                    <div class=\"feature-media\">                                                <span class=\"icon-image\"><img decoding=\"async\" src=\"https:\/\/sensorik.bayern\/wp-content\/uploads\/2020\/10\/Icon_Sensor_klein.png\" alt=\"\"><\/span>                                            <\/div>                    <h4>Sensors and Sensorsystems<\/h4>                    <div class=\"feature-item-content\"><p>Sensorsysteme f\u00fcr Spezialanwendungen, Design Elektronik und Software (\u03bcC, FPGA)<\/p>\n<\/div>                <\/div>                            <div class=\"feature-item col-lg-3 col-sm-6 wow slideInUp\">                    <div class=\"feature-media\">                                                <span class=\"icon-image\"><img decoding=\"async\" src=\"https:\/\/sensorik.bayern\/wp-content\/uploads\/2020\/10\/Icon_IIOT_klein.png\" alt=\"\"><\/span>                                            <\/div>                    <h4>Industrial IoT<\/h4>                    <div class=\"feature-item-content\"><p>Cloud- und Edge-Knowhow, drahtlose Daten\u00fcbetragung<\/p>\n<\/div>                <\/div>                            <div class=\"feature-item col-lg-3 col-sm-6 wow slideInUp\">                    <div class=\"feature-media\">                                                <span class=\"icon-image\"><img decoding=\"async\" src=\"https:\/\/sensorik.bayern\/wp-content\/uploads\/2020\/10\/Icon_Security_klein.png\" alt=\"\"><\/span>                                            <\/div>                    <h4>Security<\/h4>                    <div class=\"feature-item-content\"><p>Secured data transmission in sensor networks, use of blockchain<\/p>\n<\/div>                <\/div>                  <div class=\"feature-item col-lg-3 col-sm-6 wow slideInUp\">\n<div class=\"feature-media\">                                      <span class=\"icon-image\"><img decoding=\"async\" src=\"https:\/\/sensorik.bayern\/wp-content\/uploads\/2020\/10\/Icon_KI_klein.png\" alt=\"\"><\/span>                                            <\/div>\n<h4>AI<\/h4>\n<div class=\"feature-item-content\"><p>Sensor-based artificial intelligence<\/p>\n<\/div>\n<\/div>                    <\/div>\n<\/div>","protected":false},"excerpt":{"rendered":"<p>Sensoren und Sensorsysteme Sensorsysteme f\u00fcr Spezialanwendungen, Design Elektronik und Software (\u03bcC, FPGA) Industrial IoT Cloud- und Edge-Knowhow, drahtlose Daten\u00fcbetragung Security Verschl\u00fcsselte Daten\u00fcbertragung in Sensornetzwerken, Einsatz von Blockchain KI Sensornahe K\u00fcnstliche &#8230;<\/p>","protected":false},"author":8,"featured_media":0,"parent":0,"menu_order":0,"comment_status":"closed","ping_status":"closed","template":"template-frontpage.php","meta":{"footnotes":"","_links_to":"","_links_to_target":""},"class_list":["post-4","page","type-page","status-publish","hentry"],"jetpack_sharing_enabled":true,"_links":{"self":[{"href":"https:\/\/sensorik.bayern\/en\/wp-json\/wp\/v2\/pages\/4","targetHints":{"allow":["GET"]}}],"collection":[{"href":"https:\/\/sensorik.bayern\/en\/wp-json\/wp\/v2\/pages"}],"about":[{"href":"https:\/\/sensorik.bayern\/en\/wp-json\/wp\/v2\/types\/page"}],"author":[{"embeddable":true,"href":"https:\/\/sensorik.bayern\/en\/wp-json\/wp\/v2\/users\/8"}],"replies":[{"embeddable":true,"href":"https:\/\/sensorik.bayern\/en\/wp-json\/wp\/v2\/comments?post=4"}],"version-history":[{"count":4,"href":"https:\/\/sensorik.bayern\/en\/wp-json\/wp\/v2\/pages\/4\/revisions"}],"predecessor-version":[{"id":3060,"href":"https:\/\/sensorik.bayern\/en\/wp-json\/wp\/v2\/pages\/4\/revisions\/3060"}],"wp:attachment":[{"href":"https:\/\/sensorik.bayern\/en\/wp-json\/wp\/v2\/media?parent=4"}],"curies":[{"name":"wp","href":"https:\/\/api.w.org\/{rel}","templated":true}]}}