{"id":53,"date":"2019-03-01T08:39:03","date_gmt":"2019-03-01T08:39:03","guid":{"rendered":"https:\/\/sensorik.bayern\/?page_id=53"},"modified":"2022-10-27T17:04:53","modified_gmt":"2022-10-27T17:04:53","slug":"impressum","status":"publish","type":"page","link":"https:\/\/sensorik.bayern\/en\/impressum\/","title":{"rendered":"Legal notice"},"content":{"rendered":"<p>Responsible for the content:<\/p>\r\n\r\n\r\n\r\n<h4 class=\"wp-block-heading\"><strong>Sensorik-Bayern GmbH<\/strong><\/h4>\r\n\r\n\r\n\r\n<p>Franz-Mayer-Stra\u00dfe 1 <br \/>93053 Regensburg<\/p>\r\n\r\n\r\n\r\n<p>Place of fulfillment and place of jurisdiction is Regensburg, Germany <br \/>HRB Regensburg Nr. 10642 <br \/>Sales tax identification number according to \u00a7 27a Sales Tax Act: DE 25 69 23 39 2<\/p>\r\n\r\n\r\n\r\n<p>Managing directors authorized to represent the company: Stefanie Fuchs, Matthias Streller<\/p>\r\n\r\n\r\n\r\n<p>Inhaltlich Verantwortliche gem\u00e4\u00df \u00a7 18 Absatz 2 MDStV (V.i.S.d.P.): Stefanie Fuchs, Matthias Streller (Anschrift wie oben)<\/p>\r\n\r\n\r\n\r\n<h4 class=\"wp-block-heading\" id=\"Kontakt\"><strong>Contact<\/strong><\/h4>\r\n\r\n\r\n\r\n<p>Phone +49 (0)941 63 09 16 \u2013 0 <br \/>Telefax +49 (0)941 63 09 16 &#8211; 10<\/p>\r\n\r\n\r\n\r\n<p>E-Mail: info@sensorik-bayern.de <br \/>Internet: <a href=\"https:\/\/sensorik.bayern\/en\/\">www.sensorik.bayern<\/a><\/p>\r\n\r\n\r\n\r\n<h4 class=\"wp-block-heading\">Copyright<\/h4>\r\n\r\n\r\n\r\n<p>The content, structure and photographic material of the website are protected by copyright. Reproduction of the content and graphics published here requires the prior consent of the operator.<\/p>\r\n\r\n\r\n\r\n<h4 class=\"wp-block-heading\">Notice of liability<\/h4>\r\n\r\n\r\n\r\n<p>In spite of careful control of the contents, we do not assume any liability for the contents of external links. The operators of the linked pages are fully responsible for their content.<\/p>\r\n\r\n\r\n\r\n<p><em>Aus Gr\u00fcnden der besseren Lesbarkeit verwenden wir \u00fcberwiegend das generische Maskulinum. S\u00e4mtliche Personenbezeichnungen gelten gleicherma\u00dfen f\u00fcr jegliches Geschlecht im Sinne der Gleichbehandlung.<\/em><\/p>","protected":false},"excerpt":{"rendered":"<p>Verantwortlich f\u00fcr den Inhalt: Sensorik-Bayern GmbH Franz-Mayer-Stra\u00dfe 1 93053 Regensburg Erf\u00fcllungsort und Gerichtsstand ist Regensburg HRB Regensburg Nr. 10642 Umsatzsteuer-Identifikationsnummer gem\u00e4\u00df \u00a7 27a Umsatzsteuergesetz: DE 25 69 23 39 2 &#8230;<\/p>","protected":false},"author":1,"featured_media":0,"parent":0,"menu_order":0,"comment_status":"closed","ping_status":"closed","template":"","meta":{"footnotes":"","_links_to":"","_links_to_target":""},"class_list":["post-53","page","type-page","status-publish","hentry"],"jetpack_sharing_enabled":true,"_links":{"self":[{"href":"https:\/\/sensorik.bayern\/en\/wp-json\/wp\/v2\/pages\/53","targetHints":{"allow":["GET"]}}],"collection":[{"href":"https:\/\/sensorik.bayern\/en\/wp-json\/wp\/v2\/pages"}],"about":[{"href":"https:\/\/sensorik.bayern\/en\/wp-json\/wp\/v2\/types\/page"}],"author":[{"embeddable":true,"href":"https:\/\/sensorik.bayern\/en\/wp-json\/wp\/v2\/users\/1"}],"replies":[{"embeddable":true,"href":"https:\/\/sensorik.bayern\/en\/wp-json\/wp\/v2\/comments?post=53"}],"version-history":[{"count":19,"href":"https:\/\/sensorik.bayern\/en\/wp-json\/wp\/v2\/pages\/53\/revisions"}],"predecessor-version":[{"id":2397,"href":"https:\/\/sensorik.bayern\/en\/wp-json\/wp\/v2\/pages\/53\/revisions\/2397"}],"wp:attachment":[{"href":"https:\/\/sensorik.bayern\/en\/wp-json\/wp\/v2\/media?parent=53"}],"curies":[{"name":"wp","href":"https:\/\/api.w.org\/{rel}","templated":true}]}}